{"id":65,"date":"2018-04-12T17:35:39","date_gmt":"2018-04-12T15:35:39","guid":{"rendered":"http:\/\/laser-electronique.com\/wordpress\/?page_id=65"},"modified":"2020-11-18T10:51:04","modified_gmt":"2020-11-18T09:51:04","slug":"reconditionnement-de-machine-dessai","status":"publish","type":"page","link":"https:\/\/laser-electronique.com\/wordpress\/accueil\/service-et-maintenance\/reconditionnement-de-machine-dessai\/","title":{"rendered":"RECONDITIONNEMENT DE MACHINE D&rsquo;ESSAI"},"content":{"rendered":"\n<div style=\"height:20px\" aria-hidden=\"true\" class=\"wp-block-spacer\"><\/div>\n\n\n\n<p>Reconditionnement de machines d&rsquo;essais hydrauliques ou \u00e9lectrom\u00e9caniques.<\/p>\n\n\n\n<!--more-->\n\n\n\n<p>Nous remettons aux normes les machines type PCG, Presse \u00e0 cisaillement giratoire, machine d&rsquo;essai Duriez, machine pour sols trait\u00e9es. De 50 \u00e0 3000 kN, hydraulique, une ou deux vis.<\/p>\n\n\n\n<div style=\"height:27px\" aria-hidden=\"true\" class=\"wp-block-spacer\"><\/div>\n\n\n<h5>Une prestation clef en main:<\/h5>\n<p>\u00a0<\/p>\n<ul>\n<li>Enl\u00e8vement de la machine chez vous et livraison dans notre atelier \u00e0 Moirans<\/li>\n<li>D\u00e9montage m\u00e9canique et t\u00f4lerie<\/li>\n<li>Nettoyage, entretien, et peinture<\/li>\n<li>Suppression de l&rsquo;ancien c\u00e2blage obsol\u00e8te<\/li>\n<li>C\u00e2blage au nouvelles normes en vigueur<\/li>\n<li>Ajout d&rsquo;un boitier \u00e9lectronique pour le pilotage en force et d\u00e9placement<\/li>\n<li>Installation d&rsquo;un logiciel de pilotage dernier cri<\/li>\n<li>Ajout de capteurs et\/ou d&rsquo;accessoires compl\u00e9mentaires<\/li>\n<li>R\u00e9daction des m\u00e9thodes d&rsquo;essai en fonction de vos besoins<\/li>\n<li>Etalonnage COFRAC des capteurs de forces et d\u00e9placements via un prestataire ext\u00e9rieur<\/li>\n<li>Livraison sur votre site<\/li>\n<li>Installation et formation au nouveau logiciel et aux nouveaux essais<\/li>\n<\/ul>\n\n\n<div style=\"height:39px\" aria-hidden=\"true\" class=\"wp-block-spacer\"><\/div>\n\n\n\n<h4 class=\"has-text-align-center wp-block-heading\">Confiez nous vos anciennes machines Nequel ou d&rsquo;autres fabricants, vous ne les reconnaitrez pas !<\/h4>\n\n\n\n<div class=\"wp-block-group\"><div class=\"wp-block-group__inner-container is-layout-flow wp-block-group-is-layout-flow\">\n<figure class=\"wp-block-gallery columns-1 is-cropped wp-block-gallery-1 is-layout-flex wp-block-gallery-is-layout-flex\"><ul class=\"blocks-gallery-grid\"><li class=\"blocks-gallery-item\"><figure><img loading=\"lazy\" decoding=\"async\" width=\"768\" height=\"1024\" src=\"http:\/\/laser-electronique.com\/wordpress\/wp-content\/uploads\/2018\/04\/Machine-2-vis-300-kN-768x1024.jpg\" alt=\"Retrofit  Machine d'essai 2vis 300 kN\" data-id=\"121\" data-full-url=\"http:\/\/laser-electronique.com\/wordpress\/wp-content\/uploads\/2018\/04\/Machine-2-vis-300-kN.jpg\" data-link=\"http:\/\/laser-electronique.com\/wordpress\/index.php\/accueil\/service-et-maintenance\/reconditionnement-de-machine-dessai\/machine-2-vis-300-kn\/\" class=\"wp-image-121\" srcset=\"https:\/\/laser-electronique.com\/wordpress\/wp-content\/uploads\/2018\/04\/Machine-2-vis-300-kN.jpg 768w, https:\/\/laser-electronique.com\/wordpress\/wp-content\/uploads\/2018\/04\/Machine-2-vis-300-kN-225x300.jpg 225w\" sizes=\"auto, (max-width: 768px) 100vw, 768px\" \/><figcaption class=\"blocks-gallery-item__caption\">Machine d&rsquo;essai 2 vis 300 kN  <\/figcaption><\/figure><\/li><\/ul><figcaption class=\"blocks-gallery-caption\">Retrofit Machine d&rsquo;essai<\/figcaption><\/figure>\n<\/div><\/div>\n","protected":false},"excerpt":{"rendered":"<p>Reconditionnement de machines d&rsquo;essais hydrauliques ou \u00e9lectrom\u00e9caniques.<\/p>\n","protected":false},"author":1,"featured_media":587,"parent":242,"menu_order":23,"comment_status":"closed","ping_status":"closed","template":"","meta":{"footnotes":""},"class_list":["post-65","page","type-page","status-publish","has-post-thumbnail","hentry"],"_links":{"self":[{"href":"https:\/\/laser-electronique.com\/wordpress\/wp-json\/wp\/v2\/pages\/65","targetHints":{"allow":["GET"]}}],"collection":[{"href":"https:\/\/laser-electronique.com\/wordpress\/wp-json\/wp\/v2\/pages"}],"about":[{"href":"https:\/\/laser-electronique.com\/wordpress\/wp-json\/wp\/v2\/types\/page"}],"author":[{"embeddable":true,"href":"https:\/\/laser-electronique.com\/wordpress\/wp-json\/wp\/v2\/users\/1"}],"replies":[{"embeddable":true,"href":"https:\/\/laser-electronique.com\/wordpress\/wp-json\/wp\/v2\/comments?post=65"}],"version-history":[{"count":28,"href":"https:\/\/laser-electronique.com\/wordpress\/wp-json\/wp\/v2\/pages\/65\/revisions"}],"predecessor-version":[{"id":646,"href":"https:\/\/laser-electronique.com\/wordpress\/wp-json\/wp\/v2\/pages\/65\/revisions\/646"}],"up":[{"embeddable":true,"href":"https:\/\/laser-electronique.com\/wordpress\/wp-json\/wp\/v2\/pages\/242"}],"wp:featuredmedia":[{"embeddable":true,"href":"https:\/\/laser-electronique.com\/wordpress\/wp-json\/wp\/v2\/media\/587"}],"wp:attachment":[{"href":"https:\/\/laser-electronique.com\/wordpress\/wp-json\/wp\/v2\/media?parent=65"}],"curies":[{"name":"wp","href":"https:\/\/api.w.org\/{rel}","templated":true}]}}