{"id":290,"date":"2018-05-02T17:34:52","date_gmt":"2018-05-02T15:34:52","guid":{"rendered":"http:\/\/laser-electronique.com\/wordpress\/?page_id=290"},"modified":"2020-11-12T13:26:15","modified_gmt":"2020-11-12T12:26:15","slug":"mesure-et-reperage","status":"publish","type":"page","link":"https:\/\/laser-electronique.com\/wordpress\/accueil\/nos-produits\/topographie\/mesure-et-reperage\/","title":{"rendered":"MESURE ET REPERAGE"},"content":{"rendered":"<div>\n<div>\n<div class=\"its\">\n<div>\u00a0<\/div>\n<div class=\"item\">\u00a0<\/div>\n<\/div>\n<\/div>\n<\/div>\n<div class=\"item\">\n<div class=\"image\">\u00a0<\/div>\n<\/div>\n\n\n<h5 class=\"has-text-align-center has-white-color has-text-color has-background wp-block-heading\" style=\"background-color:#31683f\">Mesure <\/h5>\n\n\n\n<figure class=\"wp-block-table is-style-stripes\"><table class=\"has-fixed-layout\"><tbody><tr><td class=\"has-text-align-center\" data-align=\"center\">Altim\u00e8tre<\/td><td class=\"has-text-align-center\" data-align=\"center\">Dessin<\/td><td class=\"has-text-align-center\" data-align=\"center\">Laserm\u00e8tre<\/td><td><\/td><\/tr><tr><td class=\"has-text-align-center\" data-align=\"center\">Niveau \u00c9querre<\/td><td class=\"has-text-align-center\" data-align=\"center\">Odom\u00e8tre<\/td><td class=\"has-text-align-center\" data-align=\"center\">Ruban<\/td><td><\/td><\/tr><\/tbody><\/table><\/figure>\n\n\n\n<h5 class=\"has-text-align-center has-white-color has-text-color has-background wp-block-heading\" style=\"background-color:#31683f\">D\u00e9tection <\/h5>\n\n\n\n<figure class=\"wp-block-table is-style-stripes\"><table class=\"has-fixed-layout\"><tbody><tr><td class=\"has-text-align-center\" data-align=\"center\">Cam\u00e9ra<\/td><td class=\"has-text-align-center\" data-align=\"center\">Digicat<\/td><td class=\"has-text-align-center\" data-align=\"center\">M\u00e9taux<\/td><td class=\"has-text-align-center\" data-align=\"center\">Mural<\/td><\/tr><\/tbody><\/table><\/figure>\n\n\n\n<h5 class=\"has-text-align-center has-white-color has-text-color has-background wp-block-heading\" style=\"background-color:#31683f\">Marquage <\/h5>\n\n\n\n<figure class=\"wp-block-table is-style-stripes\"><table class=\"has-fixed-layout\"><tbody><tr><td class=\"has-text-align-center\" data-align=\"center\">Cible<\/td><td class=\"has-text-align-center\" data-align=\"center\">Rep\u00e8re<\/td><td class=\"has-text-align-center\" data-align=\"center\">Rubalise<\/td><td><\/td><\/tr><tr><td class=\"has-text-align-center\" data-align=\"center\">Tra\u00e7age<\/td><td class=\"has-text-align-center\" data-align=\"center\">V\u00eatements<\/td><td class=\"has-text-align-center\" data-align=\"center\"><\/td><td><\/td><\/tr><\/tbody><\/table><\/figure>\n\n\n\n<p><\/p>\n","protected":false},"excerpt":{"rendered":"<p>\u00a0 \u00a0 \u00a0 Mesure Altim\u00e8tre Dessin Laserm\u00e8tre Niveau \u00c9querre Odom\u00e8tre Ruban D\u00e9tection Cam\u00e9ra Digicat M\u00e9taux Mural Marquage Cible Rep\u00e8re Rubalise Tra\u00e7age V\u00eatements<\/p>\n","protected":false},"author":1,"featured_media":0,"parent":81,"menu_order":18,"comment_status":"closed","ping_status":"closed","template":"template-left-sidebar.php","meta":{"footnotes":""},"class_list":["post-290","page","type-page","status-publish","hentry"],"_links":{"self":[{"href":"https:\/\/laser-electronique.com\/wordpress\/wp-json\/wp\/v2\/pages\/290","targetHints":{"allow":["GET"]}}],"collection":[{"href":"https:\/\/laser-electronique.com\/wordpress\/wp-json\/wp\/v2\/pages"}],"about":[{"href":"https:\/\/laser-electronique.com\/wordpress\/wp-json\/wp\/v2\/types\/page"}],"author":[{"embeddable":true,"href":"https:\/\/laser-electronique.com\/wordpress\/wp-json\/wp\/v2\/users\/1"}],"replies":[{"embeddable":true,"href":"https:\/\/laser-electronique.com\/wordpress\/wp-json\/wp\/v2\/comments?post=290"}],"version-history":[{"count":11,"href":"https:\/\/laser-electronique.com\/wordpress\/wp-json\/wp\/v2\/pages\/290\/revisions"}],"predecessor-version":[{"id":517,"href":"https:\/\/laser-electronique.com\/wordpress\/wp-json\/wp\/v2\/pages\/290\/revisions\/517"}],"up":[{"embeddable":true,"href":"https:\/\/laser-electronique.com\/wordpress\/wp-json\/wp\/v2\/pages\/81"}],"wp:attachment":[{"href":"https:\/\/laser-electronique.com\/wordpress\/wp-json\/wp\/v2\/media?parent=290"}],"curies":[{"name":"wp","href":"https:\/\/api.w.org\/{rel}","templated":true}]}}