{"id":284,"date":"2018-05-02T17:21:27","date_gmt":"2018-05-02T15:21:27","guid":{"rendered":"http:\/\/laser-electronique.com\/wordpress\/?page_id=284"},"modified":"2020-11-12T12:39:26","modified_gmt":"2020-11-12T11:39:26","slug":"systeme-de-guidage-dengin","status":"publish","type":"page","link":"https:\/\/laser-electronique.com\/wordpress\/accueil\/nos-produits\/topographie\/systeme-de-guidage-dengin\/","title":{"rendered":"SYSTEME DE GUIDAGE D&rsquo;ENGIN"},"content":{"rendered":"\n<h5 class=\"wp-block-heading\"><strong>Vente et r\u00e9paration de syst\u00e8me laser de guidage d&rsquo;engin \u00e0 Moirans en Is\u00e8re<\/strong><\/h5>\n\n\n<p><span style=\"font-size: inherit;\">Cellule r\u00e9ception laser<\/span><\/p>\n<div id=\"blocks_32\" class=\"catalogue_etendu_12_navigate_7\">\n<div class=\"cat_0\">\n<div class=\"category\">\n<div class=\"image\">\u00a0 \u00a0 \u00a0 \u00a0 \u00a0 \u00a0 \u00a0 \u00a0 \u00a0 \u00a0 \u00a0<\/div>\n<div class=\"image\">\u00a0\u00a0\u00a0 Guidage Laser \u00a0\u00a0\u00a0\u00a0\u00a0\u00a0\u00a0\u00a0\u00a0\u00a0\u00a0\u00a0 Syst\u00e8me d&rsquo;asservissement\u00a0\u00a0\u00a0\u00a0\u00a0\u00a0\u00a0\u00a0\u00a0\u00a0\u00a0\u00a0\u00a0\u00a0\u00a0 Syst\u00e8mes Leica<\/div>\n<\/div>\n<div>\u00a0<\/div>\n<\/div>\n<\/div>","protected":false},"excerpt":{"rendered":"<p>Vente et r\u00e9paration de syst\u00e8me laser de guidage d&rsquo;engin \u00e0 Moirans en Is\u00e8re Cellule r\u00e9ception laser \u00a0 \u00a0 \u00a0 \u00a0 \u00a0 \u00a0 \u00a0 \u00a0 \u00a0 \u00a0 \u00a0 \u00a0\u00a0\u00a0 Guidage Laser \u00a0\u00a0\u00a0\u00a0\u00a0\u00a0\u00a0\u00a0\u00a0\u00a0\u00a0\u00a0 Syst\u00e8me d&rsquo;asservissement\u00a0\u00a0\u00a0\u00a0\u00a0\u00a0\u00a0\u00a0\u00a0\u00a0\u00a0\u00a0\u00a0\u00a0\u00a0 Syst\u00e8mes Leica \u00a0<\/p>\n","protected":false},"author":1,"featured_media":0,"parent":81,"menu_order":17,"comment_status":"closed","ping_status":"closed","template":"template-left-sidebar.php","meta":{"footnotes":""},"class_list":["post-284","page","type-page","status-publish","hentry"],"_links":{"self":[{"href":"https:\/\/laser-electronique.com\/wordpress\/wp-json\/wp\/v2\/pages\/284","targetHints":{"allow":["GET"]}}],"collection":[{"href":"https:\/\/laser-electronique.com\/wordpress\/wp-json\/wp\/v2\/pages"}],"about":[{"href":"https:\/\/laser-electronique.com\/wordpress\/wp-json\/wp\/v2\/types\/page"}],"author":[{"embeddable":true,"href":"https:\/\/laser-electronique.com\/wordpress\/wp-json\/wp\/v2\/users\/1"}],"replies":[{"embeddable":true,"href":"https:\/\/laser-electronique.com\/wordpress\/wp-json\/wp\/v2\/comments?post=284"}],"version-history":[{"count":5,"href":"https:\/\/laser-electronique.com\/wordpress\/wp-json\/wp\/v2\/pages\/284\/revisions"}],"predecessor-version":[{"id":512,"href":"https:\/\/laser-electronique.com\/wordpress\/wp-json\/wp\/v2\/pages\/284\/revisions\/512"}],"up":[{"embeddable":true,"href":"https:\/\/laser-electronique.com\/wordpress\/wp-json\/wp\/v2\/pages\/81"}],"wp:attachment":[{"href":"https:\/\/laser-electronique.com\/wordpress\/wp-json\/wp\/v2\/media?parent=284"}],"curies":[{"name":"wp","href":"https:\/\/api.w.org\/{rel}","templated":true}]}}