{"id":261,"date":"2018-04-22T16:50:03","date_gmt":"2018-04-22T14:50:03","guid":{"rendered":"http:\/\/laser-electronique.com\/wordpress\/?page_id=261"},"modified":"2020-11-05T15:23:11","modified_gmt":"2020-11-05T14:23:11","slug":"nos-produits","status":"publish","type":"page","link":"https:\/\/laser-electronique.com\/wordpress\/accueil\/nos-produits\/","title":{"rendered":"NOS PRODUITS"},"content":{"rendered":"\n<p><\/p>\n\n\n<h5>Laser \u00e9lectronique \u00e0 Moirans vous propose toute une gamme de produit autour du mat\u00e9riel pour les essais G\u00e9nie civil :<\/h5>\n\n\n<ul class=\"wp-block-list\"><li>Importateur exclusif Humboldt pour le <a href=\"http:\/\/laser-electronique.com\/wordpress\/index.php\/accueil\/gamma-densimetre-humbolt\/gamma-densimetre-humbolt\/\">gamma densim\u00e8tre<\/a>, <a href=\"http:\/\/laser-electronique.com\/wordpress\/index.php\/accueil\/gamma-densimetre-humbolt\/jed-jauge-electrique-de-densite\/\">la JED<\/a>, ou <a href=\"http:\/\/laser-electronique.com\/wordpress\/index.php\/geogauge-controleur-de-compactage\/\">le contr\u00f4le de compactage des sols non radioactif<\/a><\/li><li>fabricant de produit innovant comme <a href=\"http:\/\/laser-electronique.com\/wordpress\/index.php\/accueil\/gamma-densimetre-humbolt\/le-lasergraphe\/\">le laser graphe<\/a> ou le d\u00e9tecteur de niveau de gel<\/li><li>Tous vos besoins de mat\u00e9riel de <a href=\"http:\/\/laser-electronique.com\/wordpress\/index.php\/accueil\/topographie\/\">topographie, nivellement et optique de chantier<\/a><\/li><\/ul>\n\n\n\n<p><\/p>\n\n\n\n<p class=\"has-text-align-center has-white-color has-text-color has-background\" style=\"background-color:#31683f\"><strong>Nous assurons l&rsquo;entretien et l&rsquo;\u00e9talonnage de l&rsquo;ensemble de notre gamme de produits<\/strong><\/p>\n","protected":false},"excerpt":{"rendered":"<p>Laser \u00e9lectronique \u00e0 Moirans vous propose toute une gamme de produit autour du mat\u00e9riel pour les essais G\u00e9nie civil : Importateur exclusif Humboldt pour le gamma densim\u00e8tre, la JED, ou le contr\u00f4le de compactage des sols non radioactif fabricant de produit innovant comme le laser graphe ou le d\u00e9tecteur de niveau de gel Tous vos [&hellip;]<\/p>\n","protected":false},"author":1,"featured_media":0,"parent":18,"menu_order":1,"comment_status":"closed","ping_status":"closed","template":"template-left-sidebar.php","meta":{"footnotes":""},"class_list":["post-261","page","type-page","status-publish","hentry"],"_links":{"self":[{"href":"https:\/\/laser-electronique.com\/wordpress\/wp-json\/wp\/v2\/pages\/261","targetHints":{"allow":["GET"]}}],"collection":[{"href":"https:\/\/laser-electronique.com\/wordpress\/wp-json\/wp\/v2\/pages"}],"about":[{"href":"https:\/\/laser-electronique.com\/wordpress\/wp-json\/wp\/v2\/types\/page"}],"author":[{"embeddable":true,"href":"https:\/\/laser-electronique.com\/wordpress\/wp-json\/wp\/v2\/users\/1"}],"replies":[{"embeddable":true,"href":"https:\/\/laser-electronique.com\/wordpress\/wp-json\/wp\/v2\/comments?post=261"}],"version-history":[{"count":10,"href":"https:\/\/laser-electronique.com\/wordpress\/wp-json\/wp\/v2\/pages\/261\/revisions"}],"predecessor-version":[{"id":493,"href":"https:\/\/laser-electronique.com\/wordpress\/wp-json\/wp\/v2\/pages\/261\/revisions\/493"}],"up":[{"embeddable":true,"href":"https:\/\/laser-electronique.com\/wordpress\/wp-json\/wp\/v2\/pages\/18"}],"wp:attachment":[{"href":"https:\/\/laser-electronique.com\/wordpress\/wp-json\/wp\/v2\/media?parent=261"}],"curies":[{"name":"wp","href":"https:\/\/api.w.org\/{rel}","templated":true}]}}