{"id":245,"date":"2018-04-20T22:34:46","date_gmt":"2018-04-20T20:34:46","guid":{"rendered":"http:\/\/laser-electronique.com\/wordpress\/?page_id=245"},"modified":"2020-11-18T12:04:53","modified_gmt":"2020-11-18T11:04:53","slug":"location-materiel-topographique","status":"publish","type":"page","link":"https:\/\/laser-electronique.com\/wordpress\/accueil\/service-et-maintenance\/location-materiel-topographique\/","title":{"rendered":"LOCATION DE MATERIEL TOPOGRAPHIQUE"},"content":{"rendered":"\n<div style=\"height:20px\" aria-hidden=\"true\" class=\"wp-block-spacer\"><\/div>\n\n\n\n<p><strong>Location mat\u00e9riel BTP et topographique <\/strong>\u00e0 Moirans, Grenoble et en Is\u00e9re<\/p>\n\n\n\n<div style=\"height:20px\" aria-hidden=\"true\" class=\"wp-block-spacer\"><\/div>\n\n\n\n<!--more-->\n\n\n\n<p><strong>TARIF DE LOCATION<\/strong><\/p>\n\n\n\n<p>Chaque appareil est livr\u00e9 avec les accessoires n\u00e9cessaires \u00e0 son utilisation<\/p>\n\n\n\n<h5 class=\"has-text-align-center has-white-color has-text-color has-background wp-block-heading\" style=\"background-color:#31683f\">LASERS<\/h5>\n\n\n\n<figure class=\"wp-block-table is-style-stripes\"><table><tbody><tr><td class=\"has-text-align-left\" data-align=\"left\"><strong>Quantit\u00e9s<\/strong><\/td><td class=\"has-text-align-center\" data-align=\"center\"><strong>1 \u00e0 5<\/strong><\/td><td class=\"has-text-align-center\" data-align=\"center\"><strong>6 \u00e0 20<\/strong> <\/td><td class=\"has-text-align-center\" data-align=\"center\"><strong>21 et +<\/strong><\/td><\/tr><tr><td class=\"has-text-align-left\" data-align=\"left\">CANAL \u00ab\u00a0TPL4 G\u00a0\u00bb &#8211; \u00ab\u00a0AS8\u00a0\u00bb<\/td><td class=\"has-text-align-center\" data-align=\"center\">21\u20ac<\/td><td class=\"has-text-align-center\" data-align=\"center\">16\u20ac<\/td><td class=\"has-text-align-center\" data-align=\"center\">12\u20ac<\/td><\/tr><tr><td class=\"has-text-align-left\" data-align=\"left\">HORIZONTAL \u00ab\u00a0AS20\u00a0\u00bb<\/td><td class=\"has-text-align-center\" data-align=\"center\">15\u20ac<\/td><td class=\"has-text-align-center\" data-align=\"center\">12\u20ac<\/td><td class=\"has-text-align-center\" data-align=\"center\">10\u20ac<\/td><\/tr><tr><td class=\"has-text-align-left\" data-align=\"left\">VERTICAL \u00ab\u00a0AFL 30T 2\u00a0\u00bb<\/td><td class=\"has-text-align-center\" data-align=\"center\">15\u20ac<\/td><td class=\"has-text-align-center\" data-align=\"center\">12\u20ac<\/td><td class=\"has-text-align-center\" data-align=\"center\">10\u20ac<\/td><\/tr><tr><td class=\"has-text-align-left\" data-align=\"left\">2 PENTES \u00ab\u00a0AS30\u00a0\u00bb<\/td><td class=\"has-text-align-center\" data-align=\"center\">45\u20ac<\/td><td class=\"has-text-align-center\" data-align=\"center\">38\u20ac<\/td><td class=\"has-text-align-center\" data-align=\"center\">32\u20ac<\/td><\/tr><\/tbody><\/table><figcaption>Prix H.T par jour en \u20ac<\/figcaption><\/figure>\n\n\n\n<h5 class=\"has-text-align-center has-white-color has-text-color has-background wp-block-heading\" style=\"background-color:#31683f\">TOPOGRAPHIE<\/h5>\n\n\n\n<figure class=\"wp-block-table is-style-stripes\"><table><tbody><tr><td class=\"has-text-align-left\" data-align=\"left\"><strong>Quantit\u00e9s<\/strong><\/td><td class=\"has-text-align-center\" data-align=\"center\"><strong>1 \u00e0 5<\/strong><\/td><td class=\"has-text-align-center\" data-align=\"center\"><strong>6 \u00e0 20<\/strong><\/td><td class=\"has-text-align-center\" data-align=\"center\"><strong>21 et +<\/strong><\/td><\/tr><tr><td class=\"has-text-align-left\" data-align=\"left\">NIVEAU AUTOMATIQUE<\/td><td class=\"has-text-align-center\" data-align=\"center\">8\u20ac<\/td><td class=\"has-text-align-center\" data-align=\"center\">6\u20ac<\/td><td class=\"has-text-align-center\" data-align=\"center\">4\u20ac<\/td><\/tr><tr><td class=\"has-text-align-left\" data-align=\"left\">TR\u00c9PIED ALUMINIUM<\/td><td class=\"has-text-align-center\" data-align=\"center\">3\u20ac<\/td><td class=\"has-text-align-center\" data-align=\"center\">2\u20ac<\/td><td class=\"has-text-align-center\" data-align=\"center\">1\u20ac<\/td><\/tr><tr><td class=\"has-text-align-left\" data-align=\"left\">MIRE T\u00c9LESCOPIQUE 4 X 1 METRE<\/td><td class=\"has-text-align-center\" data-align=\"center\">3\u20ac<\/td><td class=\"has-text-align-center\" data-align=\"center\">2\u20ac<\/td><td class=\"has-text-align-center\" data-align=\"center\">1\u20ac<\/td><\/tr><tr><td class=\"has-text-align-left\" data-align=\"left\">TR\u00c9PIED LOURD<\/td><td class=\"has-text-align-center\" data-align=\"center\">5\u20ac<\/td><td class=\"has-text-align-center\" data-align=\"center\">4\u20ac<\/td><td class=\"has-text-align-center\" data-align=\"center\">3\u20ac<\/td><\/tr><tr><td class=\"has-text-align-left\" data-align=\"left\">TELEMETRE LASER<\/td><td class=\"has-text-align-center\" data-align=\"center\">12\u20ac<\/td><td class=\"has-text-align-center\" data-align=\"center\">8\u20ac<\/td><td class=\"has-text-align-center\" data-align=\"center\">5\u20ac<\/td><\/tr><tr><td class=\"has-text-align-left\" data-align=\"left\">ODOM\u00c8TRE<\/td><td class=\"has-text-align-center\" data-align=\"center\">10\u20ac<\/td><td class=\"has-text-align-center\" data-align=\"center\">8\u20ac<\/td><td class=\"has-text-align-center\" data-align=\"center\">5\u20ac<\/td><\/tr><tr><td class=\"has-text-align-left\" data-align=\"left\">DETECTEUR DE RESEAUX DIGICAT 100<\/td><td class=\"has-text-align-center\" data-align=\"center\">50\u20ac<\/td><td class=\"has-text-align-center\" data-align=\"center\">40\u20ac<\/td><td class=\"has-text-align-center\" data-align=\"center\">30\u20ac<\/td><\/tr><\/tbody><\/table><figcaption>Prix H.T par jour en \u20ac<\/figcaption><\/figure>\n\n\n\n<h5 class=\"has-text-align-center has-white-color has-text-color has-background wp-block-heading\" style=\"background-color:#31683f\">SYSTEMES DE GUIDAGES LASERS<\/h5>\n\n\n\n<figure class=\"wp-block-table is-style-stripes\"><table><tbody><tr><td class=\"has-text-align-left\" data-align=\"left\"><strong>Quantit\u00e9s<\/strong><\/td><td class=\"has-text-align-center\" data-align=\"center\"><strong>1 \u00e0 5<\/strong><\/td><td class=\"has-text-align-center\" data-align=\"center\"><strong>6 \u00e0 20<\/strong><\/td><td class=\"has-text-align-center\" data-align=\"center\"><strong>21 et +<\/strong><\/td><\/tr><tr><td class=\"has-text-align-left\" data-align=\"left\">ENSEMBLE DE 2 CELLULES <br>+ BO\u00ceTIERS DE CONTR\u00d4LE<\/td><td class=\"has-text-align-center\" data-align=\"center\">60\u20ac<\/td><td class=\"has-text-align-center\" data-align=\"center\">46\u20ac<\/td><td class=\"has-text-align-center\" data-align=\"center\">38\u20ac<\/td><\/tr><tr><td class=\"has-text-align-left\" data-align=\"left\">ENSEMBLE CELLULE PELLE <br>+ BO\u00ceTIERS DE CONTR\u00d4LE<\/td><td class=\"has-text-align-center\" data-align=\"center\">50\u20ac<\/td><td class=\"has-text-align-center\" data-align=\"center\">38\u20ac<\/td><td class=\"has-text-align-center\" data-align=\"center\">30\u20ac<\/td><\/tr><tr><td class=\"has-text-align-left\" data-align=\"left\">PETITE CELLULE TRACTO-PELLE<\/td><td class=\"has-text-align-center\" data-align=\"center\">15\u20ac<\/td><td class=\"has-text-align-center\" data-align=\"center\">12\u20ac<\/td><td class=\"has-text-align-center\" data-align=\"center\">10\u20ac<\/td><\/tr><\/tbody><\/table><figcaption>Prix H.T par jour en \u20ac<\/figcaption><\/figure>\n\n\n\n<h5 class=\"has-text-align-center has-white-color has-text-color has-background wp-block-heading\" style=\"background-color:#31683f\">LABORATOIRE<\/h5>\n\n\n\n<figure class=\"wp-block-table is-style-stripes\"><table><tbody><tr><td class=\"has-text-align-left\" data-align=\"left\"> Quantit\u00e9s<\/td><td class=\"has-text-align-center\" data-align=\"center\">1<\/td><\/tr><tr><td class=\"has-text-align-left\" data-align=\"left\">GAMMA DENSIMETRE<\/td><td class=\"has-text-align-center\" data-align=\"center\">35 \u20ac<\/td><\/tr><tr><td class=\"has-text-align-left\" data-align=\"left\">GEOGAUGE<\/td><td class=\"has-text-align-center\" data-align=\"center\">35\u20ac<\/td><\/tr><\/tbody><\/table><figcaption>Prix H.T par jour en \u20ac<\/figcaption><\/figure>\n\n\n\n<p><\/p>\n","protected":false},"excerpt":{"rendered":"<p>Location mat\u00e9riel BTP et topographique \u00e0 Moirans, Grenoble et en Is\u00e9re<\/p>\n","protected":false},"author":1,"featured_media":611,"parent":242,"menu_order":21,"comment_status":"closed","ping_status":"closed","template":"template-fullwidth.php","meta":{"footnotes":""},"class_list":["post-245","page","type-page","status-publish","has-post-thumbnail","hentry"],"_links":{"self":[{"href":"https:\/\/laser-electronique.com\/wordpress\/wp-json\/wp\/v2\/pages\/245","targetHints":{"allow":["GET"]}}],"collection":[{"href":"https:\/\/laser-electronique.com\/wordpress\/wp-json\/wp\/v2\/pages"}],"about":[{"href":"https:\/\/laser-electronique.com\/wordpress\/wp-json\/wp\/v2\/types\/page"}],"author":[{"embeddable":true,"href":"https:\/\/laser-electronique.com\/wordpress\/wp-json\/wp\/v2\/users\/1"}],"replies":[{"embeddable":true,"href":"https:\/\/laser-electronique.com\/wordpress\/wp-json\/wp\/v2\/comments?post=245"}],"version-history":[{"count":12,"href":"https:\/\/laser-electronique.com\/wordpress\/wp-json\/wp\/v2\/pages\/245\/revisions"}],"predecessor-version":[{"id":652,"href":"https:\/\/laser-electronique.com\/wordpress\/wp-json\/wp\/v2\/pages\/245\/revisions\/652"}],"up":[{"embeddable":true,"href":"https:\/\/laser-electronique.com\/wordpress\/wp-json\/wp\/v2\/pages\/242"}],"wp:featuredmedia":[{"embeddable":true,"href":"https:\/\/laser-electronique.com\/wordpress\/wp-json\/wp\/v2\/media\/611"}],"wp:attachment":[{"href":"https:\/\/laser-electronique.com\/wordpress\/wp-json\/wp\/v2\/media?parent=245"}],"curies":[{"name":"wp","href":"https:\/\/api.w.org\/{rel}","templated":true}]}}