{"id":242,"date":"2018-04-20T22:30:13","date_gmt":"2018-04-20T20:30:13","guid":{"rendered":"http:\/\/laser-electronique.com\/wordpress\/?page_id=242"},"modified":"2020-11-18T14:40:44","modified_gmt":"2020-11-18T13:40:44","slug":"service-et-maintenance","status":"publish","type":"page","link":"https:\/\/laser-electronique.com\/wordpress\/accueil\/service-et-maintenance\/","title":{"rendered":"SERVICE ET MAINTANCE"},"content":{"rendered":"\n<div style=\"height:34px\" aria-hidden=\"true\" class=\"wp-block-spacer\"><\/div>\n\n\n<h5>Laser \u00e9lectronique en Is\u00e8re vous propose toute une gamme de service :<\/h5>\n<ul>\n<li><a href=\"http:\/\/laser-electronique.com\/wordpress\/index.php\/accueil\/service-et-maintenance\/reconditionnement-de-machine-dessai\/\">Reconditionnement de machine d&rsquo;essai<\/a><\/li>\n<li><a href=\"http:\/\/laser-electronique.com\/wordpress\/index.php\/accueil\/gamma-densimetre-humbolt\/gamma-densimetre-humbolt\/\">Maintenance et \u00e9talonnage de votre Gamme Densim\u00e8tre<\/a><\/li>\n<li><a href=\"http:\/\/laser-electronique.com\/wordpress\/index.php\/accueil\/maintenance-et-etalonnage\/\">R\u00e9paration et validation de vos \u00e9quipements de topographie<\/a><\/li>\n<li><a href=\"http:\/\/laser-electronique.com\/wordpress\/index.php\/accueil\/service-et-maintenance\/location-materiel-topographique\/\">Location de mat\u00e9riel topo, \u00e9lectro-portatif<\/a><\/li>\n<\/ul>\n<p>Notre syst\u00e8me qualit\u00e9 ISO 9001 au service de votre performance.<\/p>\n<p>\u00a0<\/p>\n<p>\u00a0<\/p>","protected":false},"excerpt":{"rendered":"<p>Laser \u00e9lectronique en Is\u00e8re vous propose toute une gamme de service : Reconditionnement de machine d&rsquo;essai Maintenance et \u00e9talonnage de votre Gamme Densim\u00e8tre R\u00e9paration et validation de vos \u00e9quipements de topographie Location de mat\u00e9riel topo, \u00e9lectro-portatif Notre syst\u00e8me qualit\u00e9 ISO 9001 au service de votre performance. \u00a0 \u00a0<\/p>\n","protected":false},"author":1,"featured_media":0,"parent":18,"menu_order":2,"comment_status":"closed","ping_status":"closed","template":"template-left-sidebar.php","meta":{"footnotes":""},"class_list":["post-242","page","type-page","status-publish","hentry"],"_links":{"self":[{"href":"https:\/\/laser-electronique.com\/wordpress\/wp-json\/wp\/v2\/pages\/242","targetHints":{"allow":["GET"]}}],"collection":[{"href":"https:\/\/laser-electronique.com\/wordpress\/wp-json\/wp\/v2\/pages"}],"about":[{"href":"https:\/\/laser-electronique.com\/wordpress\/wp-json\/wp\/v2\/types\/page"}],"author":[{"embeddable":true,"href":"https:\/\/laser-electronique.com\/wordpress\/wp-json\/wp\/v2\/users\/1"}],"replies":[{"embeddable":true,"href":"https:\/\/laser-electronique.com\/wordpress\/wp-json\/wp\/v2\/comments?post=242"}],"version-history":[{"count":6,"href":"https:\/\/laser-electronique.com\/wordpress\/wp-json\/wp\/v2\/pages\/242\/revisions"}],"predecessor-version":[{"id":658,"href":"https:\/\/laser-electronique.com\/wordpress\/wp-json\/wp\/v2\/pages\/242\/revisions\/658"}],"up":[{"embeddable":true,"href":"https:\/\/laser-electronique.com\/wordpress\/wp-json\/wp\/v2\/pages\/18"}],"wp:attachment":[{"href":"https:\/\/laser-electronique.com\/wordpress\/wp-json\/wp\/v2\/media?parent=242"}],"curies":[{"name":"wp","href":"https:\/\/api.w.org\/{rel}","templated":true}]}}