{"id":236,"date":"2018-04-20T22:21:46","date_gmt":"2018-04-20T20:21:46","guid":{"rendered":"http:\/\/laser-electronique.com\/wordpress\/?page_id=236"},"modified":"2020-11-18T10:54:21","modified_gmt":"2020-11-18T09:54:21","slug":"maintenance-et-etalonnage","status":"publish","type":"page","link":"https:\/\/laser-electronique.com\/wordpress\/accueil\/service-et-maintenance\/maintenance-et-etalonnage\/","title":{"rendered":"MAINTENANCE ET ETALONNAGE"},"content":{"rendered":"\n<div style=\"height:20px\" aria-hidden=\"true\" class=\"wp-block-spacer\"><\/div>\n\n\n\n<p>Laser Electronique contr\u00f4le, v\u00e9rifie et \u00e9talonne vos \u00e9quipements de mesure sur chantier                                                                                                                                                                                <\/p>\n\n\n\n<!--more-->\n\n\n<p>\u00a0<\/p>\n<table style=\"border-collapse: collapse; width: 644px; height: 573px;\" border=\"0\" width=\"130\" cellspacing=\"0\" cellpadding=\"0\"><colgroup> <col style=\"width: 65pt;\" span=\"2\" width=\"65\" \/> <\/colgroup>\n<tbody>\n<tr style=\"height: 15.0pt;\">\n<td style=\"height: 15.0pt; width: 65pt;\" width=\"65\" height=\"15\">\n<p style=\"text-align: center;\"><strong>Niveau, Laser, Th\u00e9odolithe<\/strong><\/p>\n<\/td>\n<td style=\"width: 65pt;\" width=\"65\">\u00a0<img loading=\"lazy\" decoding=\"async\" class=\"aligncenter\" src=\"http:\/\/www.laser-btp.com\/ressources\/catalogue_etendu_12\/categories\/niveaulasertheodolite-qy2a.png\" alt=\"\" width=\"161\" height=\"140\" \/><\/td>\n<\/tr>\n<tr style=\"height: 15.0pt;\">\n<td style=\"height: 15.0pt;\" height=\"15\">\n<p style=\"text-align: center;\"><strong>Gamma densim\u00e8tre, JED, GEOGAUGE<\/strong><\/p>\n<\/td>\n<td>\u00a0<img loading=\"lazy\" decoding=\"async\" class=\"aligncenter\" src=\"http:\/\/www.laser-btp.com\/ressources\/catalogue_etendu_12\/categories\/gamma_geogauge_jed-e98j.png\" alt=\"\" width=\"127\" height=\"140\" \/><\/td>\n<\/tr>\n<tr style=\"height: 15.0pt;\">\n<td style=\"height: 15.0pt;\" height=\"15\">\n<p style=\"text-align: center;\"><strong>Nivellement<\/strong><\/p>\n<\/td>\n<td>\u00a0<img loading=\"lazy\" decoding=\"async\" class=\"aligncenter\" src=\"http:\/\/www.laser-btp.com\/ressources\/catalogue_etendu_12\/categories\/nivellement-wqeg.png\" alt=\"\" width=\"134\" height=\"189\" \/><\/td>\n<\/tr>\n<tr style=\"height: 15.0pt;\">\n<td style=\"height: 15.0pt;\" height=\"15\">\n<p style=\"text-align: center;\"><strong>R\u00e9novation de presse d&rsquo;essai<\/strong><\/p>\n<\/td>\n<td>\u00a0<img loading=\"lazy\" decoding=\"async\" class=\"aligncenter\" src=\"http:\/\/www.laser-btp.com\/ressources\/catalogue_etendu_12\/categories\/renovation_presse_pcg-vxnu.png\" alt=\"\" width=\"153\" height=\"140\" \/><\/td>\n<\/tr>\n<tr style=\"height: 15.0pt;\">\n<td style=\"height: 15.0pt;\" height=\"15\">\n<p style=\"text-align: center;\">\u00a0<strong>Electroportatif<\/strong><\/p>\n<\/td>\n<td><img loading=\"lazy\" decoding=\"async\" class=\"aligncenter\" src=\"http:\/\/www.laser-btp.com\/ressources\/catalogue_etendu_12\/categories\/bosch_dremel_skill-e2cd.png\" alt=\"\" width=\"190\" height=\"153\" \/><\/td>\n<\/tr>\n<\/tbody>\n<\/table>","protected":false},"excerpt":{"rendered":"<p>Laser Electronique contr\u00f4le, v\u00e9rifie et \u00e9talonne vos \u00e9quipements de mesure sur chantier<\/p>\n","protected":false},"author":1,"featured_media":559,"parent":242,"menu_order":22,"comment_status":"closed","ping_status":"closed","template":"template-left-sidebar.php","meta":{"footnotes":""},"class_list":["post-236","page","type-page","status-publish","has-post-thumbnail","hentry"],"_links":{"self":[{"href":"https:\/\/laser-electronique.com\/wordpress\/wp-json\/wp\/v2\/pages\/236","targetHints":{"allow":["GET"]}}],"collection":[{"href":"https:\/\/laser-electronique.com\/wordpress\/wp-json\/wp\/v2\/pages"}],"about":[{"href":"https:\/\/laser-electronique.com\/wordpress\/wp-json\/wp\/v2\/types\/page"}],"author":[{"embeddable":true,"href":"https:\/\/laser-electronique.com\/wordpress\/wp-json\/wp\/v2\/users\/1"}],"replies":[{"embeddable":true,"href":"https:\/\/laser-electronique.com\/wordpress\/wp-json\/wp\/v2\/comments?post=236"}],"version-history":[{"count":13,"href":"https:\/\/laser-electronique.com\/wordpress\/wp-json\/wp\/v2\/pages\/236\/revisions"}],"predecessor-version":[{"id":648,"href":"https:\/\/laser-electronique.com\/wordpress\/wp-json\/wp\/v2\/pages\/236\/revisions\/648"}],"up":[{"embeddable":true,"href":"https:\/\/laser-electronique.com\/wordpress\/wp-json\/wp\/v2\/pages\/242"}],"wp:featuredmedia":[{"embeddable":true,"href":"https:\/\/laser-electronique.com\/wordpress\/wp-json\/wp\/v2\/media\/559"}],"wp:attachment":[{"href":"https:\/\/laser-electronique.com\/wordpress\/wp-json\/wp\/v2\/media?parent=236"}],"curies":[{"name":"wp","href":"https:\/\/api.w.org\/{rel}","templated":true}]}}