{"id":221,"date":"2018-04-20T21:54:07","date_gmt":"2018-04-20T19:54:07","guid":{"rendered":"http:\/\/laser-electronique.com\/wordpress\/?page_id=221"},"modified":"2020-11-18T14:26:33","modified_gmt":"2020-11-18T13:26:33","slug":"le-lasergraphe","status":"publish","type":"page","link":"https:\/\/laser-electronique.com\/wordpress\/accueil\/nos-produits\/gamma-densimetre-humbolt\/le-lasergraphe\/","title":{"rendered":"LASERGRAPHE"},"content":{"rendered":"\n<div style=\"height:36px\" aria-hidden=\"true\" class=\"wp-block-spacer\"><\/div>\n\n\n\n<h5 class=\"has-text-align-left wp-block-heading\"><strong>Remplacer votre poutre de Benkelman par notre LASERGRAPHE !<\/strong><\/h5>\n\n\n\n<h5 class=\"has-text-align-center has-white-color has-text-color has-background wp-block-heading\" style=\"background-color:#31683f\">Les avantages du LASERGRAPHE <\/h5>\n\n\n\n<ul class=\"wp-block-list\"><li>Convient pour les essais de plaque et les essais de d\u00e9flexion<\/li><li>Compact et l\u00e9ger<\/li><li>Autonome<\/li><li>Mise en place rapide<\/li><li>Simple d&rsquo;utilisation<\/li><li>Mise en m\u00e9moire des donn\u00e9es<\/li><li>D\u00e9placement manuel de l&rsquo;origine de la mesure<\/li><li>Plots antivibratoires<\/li><\/ul>\n\n\n\n<h5 class=\"has-text-align-center has-white-color has-text-color has-background wp-block-heading\" style=\"background-color:#31683f\">Caract\u00e9ristiques techniques <\/h5>\n\n\n\n<figure class=\"wp-block-table is-style-stripes\"><table><tbody><tr><td>Pr\u00e9cision<\/td><td>\u00b10.01mm<\/td><\/tr><tr><td>Plage de mesure<\/td><td>30mm<\/td><\/tr><tr><td>Alimentation de la base<\/td><td>1 batterie 12V \/ 7Ah<\/td><\/tr><tr><td>Alimentation du terminal<\/td><td>4 x 1.2V \/ 1850mAh<\/td><\/tr><tr><td>Laser<\/td><td>Classe II<\/td><\/tr><tr><td>Etanch\u00e9it\u00e9<\/td><td>IP65<\/td><\/tr><tr><td>Dimensions (avec terminal)<\/td><td>33x23x25cm<\/td><\/tr><tr><td>Poids (avec batterie)<\/td><td>11kg<\/td><\/tr><\/tbody><\/table><\/figure>\n\n\n\n<ul class=\"wp-block-list\"><li>Terminal ind\u00e9pendant fonctionnant par liaison radio<\/li><li>Choix des essais par menus<\/li><li>Recherche et positionnement automatique du laser sur le capteur<\/li><li>Mise \u00e0 z\u00e9ro par simple touche<\/li><li>Transfert des donn\u00e9es sur PC par RS232<\/li><li>Afficheur r\u00e9tro-\u00e9clair\u00e9, 4 lignes, 16 caract\u00e8res<\/li><li>Clavier alphanum\u00e9rique<\/li><li>Horloge temps r\u00e9el<\/li><li>Capacit\u00e9 de m\u00e9morisation de 390 essais de plaque et de 176 essais de d\u00e9flexion, avec en-t\u00eate comprenant la r\u00e9f\u00e9rence du chantier, le PK d&rsquo;origine, le PK de mesure, la date et l&rsquo;heure.<\/li><\/ul>\n\n\n\n<h5 class=\"has-text-align-center has-white-color has-text-color has-background wp-block-heading\" style=\"background-color:#31683f\">Accessoires<\/h5>\n\n\n\n<ul class=\"wp-block-list\"><li>Chargeur de batterie pour la base<\/li><li>Chargeur de batterie pour le terminal<\/li><li>Support pour essais de d\u00e9flexion<\/li><li>C\u00e2ble de transfert de donn\u00e9es et logiciel<\/li><\/ul>\n\n\n\n<h5 class=\"has-text-align-center has-white-color has-text-color has-background wp-block-heading\" style=\"background-color:#31683f\">Options<\/h5>\n\n\n\n<ul class=\"wp-block-list\"><li>Cellule suppl\u00e9mentaire pour essai de d\u00e9flexion<\/li><li>Deuxi\u00e8me jeu de batterie NiMH pour le terminal<\/li><\/ul>\n","protected":false},"excerpt":{"rendered":"<p>Remplacer votre poutre de Benkelman par notre LASERGRAPHE ! Les avantages du LASERGRAPHE Convient pour les essais de plaque et les essais de d\u00e9flexion Compact et l\u00e9ger Autonome Mise en place rapide Simple d&rsquo;utilisation Mise en m\u00e9moire des donn\u00e9es D\u00e9placement manuel de l&rsquo;origine de la mesure Plots antivibratoires Caract\u00e9ristiques techniques Pr\u00e9cision \u00b10.01mm Plage de mesure [&hellip;]<\/p>\n","protected":false},"author":1,"featured_media":0,"parent":76,"menu_order":15,"comment_status":"closed","ping_status":"closed","template":"template-fullwidth.php","meta":{"footnotes":""},"class_list":["post-221","page","type-page","status-publish","hentry"],"_links":{"self":[{"href":"https:\/\/laser-electronique.com\/wordpress\/wp-json\/wp\/v2\/pages\/221","targetHints":{"allow":["GET"]}}],"collection":[{"href":"https:\/\/laser-electronique.com\/wordpress\/wp-json\/wp\/v2\/pages"}],"about":[{"href":"https:\/\/laser-electronique.com\/wordpress\/wp-json\/wp\/v2\/types\/page"}],"author":[{"embeddable":true,"href":"https:\/\/laser-electronique.com\/wordpress\/wp-json\/wp\/v2\/users\/1"}],"replies":[{"embeddable":true,"href":"https:\/\/laser-electronique.com\/wordpress\/wp-json\/wp\/v2\/comments?post=221"}],"version-history":[{"count":4,"href":"https:\/\/laser-electronique.com\/wordpress\/wp-json\/wp\/v2\/pages\/221\/revisions"}],"predecessor-version":[{"id":664,"href":"https:\/\/laser-electronique.com\/wordpress\/wp-json\/wp\/v2\/pages\/221\/revisions\/664"}],"up":[{"embeddable":true,"href":"https:\/\/laser-electronique.com\/wordpress\/wp-json\/wp\/v2\/pages\/76"}],"wp:attachment":[{"href":"https:\/\/laser-electronique.com\/wordpress\/wp-json\/wp\/v2\/media?parent=221"}],"curies":[{"name":"wp","href":"https:\/\/api.w.org\/{rel}","templated":true}]}}