{"id":214,"date":"2018-04-20T21:37:44","date_gmt":"2018-04-20T19:37:44","guid":{"rendered":"http:\/\/laser-electronique.com\/wordpress\/?page_id=214"},"modified":"2020-11-18T14:27:57","modified_gmt":"2020-11-18T13:27:57","slug":"geogauge-controleur-de-compactage","status":"publish","type":"page","link":"https:\/\/laser-electronique.com\/wordpress\/accueil\/nos-produits\/gamma-densimetre-humbolt\/geogauge-controleur-de-compactage\/","title":{"rendered":"GEOGAUGE  H-4140: Contr\u00f4leur de compactage"},"content":{"rendered":"\n<div style=\"height:20px\" aria-hidden=\"true\" class=\"wp-block-spacer\"><\/div>\n\n\n\n<p>Mesures dynamiques in situ des propri\u00e9t\u00e9s m\u00e9caniques des sols selon <strong>ASTM D 6758<\/strong><\/p>\n\n\n\n<p>Le GEOGAUGE est le seul appareil portable capable de r\u00e9pondre d\u2019une mani\u00e8re simple \u00e0 la demande, avec rapidit\u00e9 et pr\u00e9cision, de mesurer et de surveiller directement in situ, les caract\u00e9ristiques m\u00e9caniques des sols et d\u2019en acc\u00e9l\u00e9rer sa mise en \u0153uvre.<\/p>\n\n\n\n<h5 class=\"has-text-align-center has-white-color has-text-color has-background wp-block-heading\" style=\"background-color:#31683f\">Les avantages du GEOGAUGE <\/h5>\n\n\n\n<ul class=\"wp-block-list\"><li>Portance des couches de structure, MN\/m<\/li><li>Module de Young, MPa<\/li><li>Respect des exigences demand\u00e9es QC\/QA sur place<\/li><li>Technique qui fait avancer les concepts des chauss\u00e9es<\/li><li>Portance maximum avec le minimum d&rsquo;efforts de compactage<\/li><li>R\u00e9partition uniforme des tensions dans toutes les couches<\/li><li>Dur\u00e9e de vie des chauss\u00e9es plus longues<\/li><li>R\u00e9duction des co\u00fbts d&rsquo;entretien<\/li><li>Durabilit\u00e9 augment\u00e9e de l\u2019uni de la surface<\/li><li>R\u00e9duction des variations de la compacit\u00e9 \u00e0 la mise en \u0153uvre<\/li><li>QC\/QA in situ de la raideur des sols stabilis\u00e9s<\/li><li>Donn\u00e9es d\u00e9velopp\u00e9es en faveur de caract\u00e9ristiques performantes et d&rsquo;une m\u00e9canique \u00e9labor\u00e9e<\/li><li>Portable, rapide, fiable et sans sources radioactives<\/li><\/ul>\n\n\n\n<h5 class=\"has-text-align-center has-white-color has-text-color has-background wp-block-heading\" style=\"background-color:#31683f\"><strong>Caract\u00e9ristiques techniques <\/strong><\/h5>\n\n\n\n<p>Contr\u00f4le in situ du Compactage par la Portance et le Module <\/p>\n\n\n\n<figure class=\"wp-block-table is-style-stripes\"><table class=\"has-fixed-layout\"><tbody><tr><td>Mod\u00e8le <\/td><td>H-4140 GEOGAUGE*<\/td><\/tr><tr><td>Portance<\/td><td>3 \u00e0 70 MN\/m<\/td><\/tr><tr><td>Module de Young <\/td><td>26 \u00e0 610 Mpa<\/td><\/tr><tr><td>Profondeur de mesure <\/td><td>230 \u00e0 310 mm<\/td><\/tr><tr><td>Temps de la mesure <\/td><td>75 secondes<\/td><\/tr><tr><td>Brevet<\/td><td>En cours <\/td><\/tr><tr><td>Alimentation <\/td><td>6 piles R 20 (500 \u00e0 1500 mesures)<\/td><\/tr><tr><td>Poids d&rsquo;exp\u00e9dition <\/td><td>17,5 kg <br>(GEOGAUGE 10 Kg &#8211; Valise 5,5 kg)<\/td><\/tr><tr><td>Dimensions <\/td><td>GEOGAUGE : \u00d8 280 x 270 mm<br>Valise : 470 x 420 x 330 mm<\/td><\/tr><\/tbody><\/table><\/figure>\n\n\n\n<p>Les caract\u00e9ristiques peuvent \u00eatre modifi\u00e9es sans pr\u00e9avis*<\/p>\n\n\n\n<div class=\"wp-block-group\"><div class=\"wp-block-group__inner-container is-layout-flow wp-block-group-is-layout-flow\">\n<p>Seul appareil qui compare les caract\u00e9ristiques \u00e0 obtenir par rapport au compactage en 75 secondes pour atteindre les QC\/QA.<br>Le GeoGauge appuie, relie, fait avancer les proc\u00e9dures de compactage par sa technologie \u00e9labor\u00e9e et ses caract\u00e9ristiques performantes. Les sols et autres mat\u00e9riaux sont compact\u00e9s pour cr\u00e9er une structure fonctionnelle avec des caract\u00e9ristiques m\u00e9caniques d\u00e9sir\u00e9es pour des applications et une dur\u00e9e de vie pr\u00e9vues. <\/p>\n<\/div><\/div>\n\n\n\n<p>La surveillance efficace du compactage du sol vers des caract\u00e9ristiques m\u00e9caniques optimum permet de ne pas gaspiller d\u2019efforts de compactage et de ne pas cr\u00e9er de dommages par surcompactage.<br>Les zones \u00e0 probl\u00e8mes sont r\u00e9v\u00e9l\u00e9es rapidement pour \u00eatre corrig\u00e9es quand le mat\u00e9riel est encore sur site.<\/p>\n\n\n\n<p>Meilleur que les mesures de densit\u00e9 parce qu\u2019il r\u00e9duit toute variation dans la mise en oeuvre, en s\u2019assurant de l\u2019uniformit\u00e9 des caract\u00e9ristiques des couches, pour am\u00e9liorer la r\u00e9partition des tensions de la surface au fond de forme, pour une dur\u00e9e de vie plus&nbsp;longue et pour une meilleure uniformit\u00e9 de surface et r\u00e9duire la maintenance. Tout \u00e7a pour am\u00e9liorer les co\u00fbts cycliques. <\/p>\n\n\n\n<p>Ses applications incluent les couches de fondation, les sous couches et les surfaces d\u2019appui, surveillant l\u2019am\u00e9lioration de la raideur de la chaux, du ciment, des cendres volantes, et des mat\u00e9riaux stabilis\u00e9s au polym\u00e8re, surveillant le re-compactage des remblais de remplissage sans d\u00e9ranger les mat\u00e9riaux autour, surveillant le compactage des enrob\u00e9s et des recycl\u00e9s froids en place, pour atteindre le niveau maximum des caract\u00e9ristiques, pour emp\u00eacher le gaspillage d\u2019efforts de compactage et \u00e9viter les dommages dus au sur-compactage.<\/p>\n\n\n\n<p class=\"has-text-align-left\">Le GeoGauge facilite et fournit une alternative au moule r\u00e9silient, au d\u00e9flectom\u00e8tre \u00e0 boulet, au CBR, \u00e0 l\u2019essai de plaque, au p\u00e9n\u00e9trom\u00e8tre \u00e0 c\u00f4ne dynamique, et aux autres mesures pour la raideur, la portance, le module et la d\u00e9flexion.<\/p>\n\n\n\n<h5 class=\"has-text-align-center has-white-color has-text-color has-background wp-block-heading\" style=\"background-color:#31683f\"><strong>Autres applications <\/strong><\/h5>\n\n\n\n<ul class=\"wp-block-list\" id=\"block-31b8f24c-2ef4-4036-9054-8e5397dfcf22\"><li>Chaux, Ciment, Cendres volantes et mat\u00e9riaux stabilis\u00e9s aux polym\u00e8res<\/li><li>Ciment trait\u00e9 et Renforcement des assises<\/li><li>Couches de mat\u00e9riaux \u00e0 forte granulom\u00e9trie<\/li><li>Utilisation des remblais de remplissage<\/li><li>Enrob\u00e9s<\/li><li>Recycl\u00e9s froids en place<\/li><\/ul>\n\n\n\n<h5 class=\"has-text-align-center has-white-color has-text-color has-background wp-block-heading\" style=\"background-color:#31683f\"><strong>Accessoires en option <\/strong><\/h5>\n\n\n\n<ul class=\"wp-block-list\"><li>H-4140.12 C\u00e2ble de transfert IR et port s\u00e9rie avec logiciel gabarit pour PC<\/li><li>H-4140.20 Masse de v\u00e9rification du G\u00e9ogauge<\/li><\/ul>\n\n\n\n<p>Le GeoGauge applique une charge constante par vibration \u00e0 la surface du sol et mesure le d\u00e9placement r\u00e9sultant.<br>Cette technologie dynamique simule les conditions habituelles de mise en oeuvre.<\/p>\n","protected":false},"excerpt":{"rendered":"<p>Mesures dynamiques in situ des propri\u00e9t\u00e9s m\u00e9caniques des sols selon ASTM D 6758 Le GEOGAUGE est le seul appareil portable capable de r\u00e9pondre d\u2019une mani\u00e8re simple \u00e0 la demande, avec rapidit\u00e9 et pr\u00e9cision, de mesurer et de surveiller directement in situ, les caract\u00e9ristiques m\u00e9caniques des sols et d\u2019en acc\u00e9l\u00e9rer sa mise en \u0153uvre. Les avantages [&hellip;]<\/p>\n","protected":false},"author":1,"featured_media":484,"parent":76,"menu_order":13,"comment_status":"closed","ping_status":"closed","template":"","meta":{"footnotes":""},"class_list":["post-214","page","type-page","status-publish","has-post-thumbnail","hentry"],"_links":{"self":[{"href":"https:\/\/laser-electronique.com\/wordpress\/wp-json\/wp\/v2\/pages\/214","targetHints":{"allow":["GET"]}}],"collection":[{"href":"https:\/\/laser-electronique.com\/wordpress\/wp-json\/wp\/v2\/pages"}],"about":[{"href":"https:\/\/laser-electronique.com\/wordpress\/wp-json\/wp\/v2\/types\/page"}],"author":[{"embeddable":true,"href":"https:\/\/laser-electronique.com\/wordpress\/wp-json\/wp\/v2\/users\/1"}],"replies":[{"embeddable":true,"href":"https:\/\/laser-electronique.com\/wordpress\/wp-json\/wp\/v2\/comments?post=214"}],"version-history":[{"count":5,"href":"https:\/\/laser-electronique.com\/wordpress\/wp-json\/wp\/v2\/pages\/214\/revisions"}],"predecessor-version":[{"id":666,"href":"https:\/\/laser-electronique.com\/wordpress\/wp-json\/wp\/v2\/pages\/214\/revisions\/666"}],"up":[{"embeddable":true,"href":"https:\/\/laser-electronique.com\/wordpress\/wp-json\/wp\/v2\/pages\/76"}],"wp:featuredmedia":[{"embeddable":true,"href":"https:\/\/laser-electronique.com\/wordpress\/wp-json\/wp\/v2\/media\/484"}],"wp:attachment":[{"href":"https:\/\/laser-electronique.com\/wordpress\/wp-json\/wp\/v2\/media?parent=214"}],"curies":[{"name":"wp","href":"https:\/\/api.w.org\/{rel}","templated":true}]}}