{"id":206,"date":"2018-04-20T21:29:17","date_gmt":"2018-04-20T19:29:17","guid":{"rendered":"http:\/\/laser-electronique.com\/wordpress\/?page_id=206"},"modified":"2020-11-18T14:26:21","modified_gmt":"2020-11-18T13:26:21","slug":"jed-jauge-electrique-de-densite","status":"publish","type":"page","link":"https:\/\/laser-electronique.com\/wordpress\/accueil\/nos-produits\/gamma-densimetre-humbolt\/jed-jauge-electrique-de-densite\/","title":{"rendered":"JAUGE ELECTRIQUE DE DENSITE"},"content":{"rendered":"\n<div style=\"height:21px\" aria-hidden=\"true\" class=\"wp-block-spacer\"><\/div>\n\n\n\n<p>La JED est un appareil sans radioactivit\u00e9 pour d\u00e9terminer l&rsquo;humidit\u00e9 et la densit\u00e9 des sols compact\u00e9s dans les fondations et constructions des assises de chauss\u00e9es.<\/p>\n\n\n\n<h5 class=\"has-text-align-center has-white-color has-text-color has-background wp-block-heading\" style=\"background-color:#31683f\"><strong>Avantages de la JED<\/strong><\/h5>\n\n\n\n<ul class=\"wp-block-list\"><li>Poids l\u00e9ger et facilement transportable aliment\u00e9 par batteries.<\/li><li>Pr\u00e9cision et r\u00e9p\u00e9tabilit\u00e9 des mesures refl\u00e9tant les r\u00e9sultats des m\u00e9thodes d&rsquo;essais connus.<\/li><li>M\u00e9thode alternative au gamma densim\u00e8tre, au s\u00e9chage au four, ou au c\u00f4ne de sable.<\/li><li>Pas de licence ou de personnel agr\u00e9\u00e9.<\/li><li>Facile \u00e0 apprendre et simple d\u2019utilisation.<\/li><li>Utilise une technologie fiable et bien connue de RF point \u00e0 point.<\/li><li>Pr\u00e9cis, robuste et l\u00e9ger.<\/li><li>Obtention des r\u00e9sultats en deux ou trois minutes.<\/li><\/ul>\n\n\n\n<p><\/p>\n\n\n\n<h5 class=\"has-text-align-center has-white-color has-text-color has-background wp-block-heading\" style=\"background-color:#31683f\"><strong>Caract\u00e9ristiques techniques <\/strong><\/h5>\n\n\n\n<figure class=\"wp-block-table is-style-stripes\"><table class=\"has-fixed-layout\"><tbody><tr><td>Plage de mesure de la densit\u00e9 humide <\/td><td>Tous mat\u00e9riaux normalement compactables<\/td><\/tr><tr><td>Pr\u00e9cision de mesure de la densit\u00e9 s\u00e8che <\/td><td>&lt; \u00e0 3 % des tests de la norme<\/td><\/tr><tr><td>Plage de mesure de la teneur en eau <\/td><td>Tous mat\u00e9riaux normalement compactables<\/td><\/tr><tr><td>Pr\u00e9cision de mesure de la teneur en eau <\/td><td>&lt; \u00e0 2 % des tests de la norme<\/td><\/tr><tr><td>Temp\u00e9rature ambiante d\u2019utilisation <\/td><td>0 \u2013 50\u00b0C<\/td><\/tr><tr><td>Pourcentage d\u2019humidit\u00e9 ambiante <\/td><td>5 \u2013 90 % sans condensation<\/td><\/tr><tr><td>GPS <\/td><td>\u00b1 3 m<\/td><\/tr><tr><td>Autonomie <\/td><td>Environ 8 h (pleine charge)<\/td><\/tr><tr><td>Alimentation <\/td><td>12V. 4 Ah (Batterie au plomb g\u00e9lifi\u00e9)<\/td><\/tr><tr><td>Poids net <\/td><td>Console : 5 Kg &#8211;  Accessoires : 1.8 Kg<\/td><\/tr><tr><td>Dimensions de la console<\/td><td>343 mm x 305 mm x 152 mm<\/td><\/tr><\/tbody><\/table><\/figure>\n\n\n\n<ul class=\"wp-block-list\"><li>La JED mesure les propri\u00e9t\u00e9s di\u00e9lectriques et le niveau d\u2019humidit\u00e9 du sol compact\u00e9 en utilisant une haute radiofr\u00e9quence traversant le mat\u00e9riau test\u00e9 entre les \u00e9lectrodes plant\u00e9es dans le sol. <\/li><li>La profondeur de p\u00e9n\u00e9tration des dards &lsquo;\u00e9lectrodes) d\u00e9termine la profondeur de la mesure. <\/li><li>Les dards (\u00e9lectrodes) sont disponibles dans des longueurs de 100, 150, 200, 250 et 300 mm. <\/li><li>En outre les dards (\u00e9lectrodes) ont \u00e9t\u00e9 con\u00e7us en forme de c\u00f4ne pour assurer un contact continuel avec le sol pour avoir des mesures pr\u00e9cises.<\/li><\/ul>\n\n\n\n<h5 class=\"has-text-align-center has-white-color has-text-color has-background wp-block-heading\" style=\"background-color:#31683f\"><strong>Le logiciel <\/strong><\/h5>\n\n\n\n<p>La JED permet de contr\u00f4ler couche par couche, au jour le jour, les op\u00e9rations de compactage avec une performance et des r\u00e9sultats de mesure hautement comparables \u00e0 ceux obtenus par les moyens traditionnels comme le gamma densim\u00e8tre, le c\u00f4ne de sable et le s\u00e9chage au four.<\/p>\n\n\n\n<p>Le logiciel de la JED n\u00e9cessite peu d\u2019entr\u00e9e de configuration par l\u2019utilisateur. Le guidant \u00e9tape par \u00e9tape, \u00e0 chaque point de la proc\u00e9dure de test, et l\u2019averti quand les valeurs ne correspondent pas aux courbes \u00e9tablies pour les mat\u00e9riaux \u00e9valu\u00e9s.<\/p>\n\n\n\n<p>Il fournit une solution compl\u00e8te pour l\u2019acquisition, le stockage et la pr\u00e9sentation du travail et des donn\u00e9es du sol mod\u00e8le.<\/p>\n\n\n\n<p>Le logiciel de la JED communique avec EXCEL pour pr\u00e9senter les mesures qui peuvent \u00eatre \u00e9valu\u00e9es directement ou transf\u00e9r\u00e9es \u00e0 un PC.<\/p>\n\n\n\n<p>Les diff\u00e9rents travaux peuvent \u00eatre group\u00e9s dans un projet pour l\u2019\u00e9laboration de rapports.<br>Feuille d\u2019\u00e9talonnage Date, heure, position (Google Earth) \u00e0 chaque mesure.<\/p>\n\n\n\n<p><\/p>\n\n\n\n<h5 class=\"has-text-align-center has-white-color has-text-color has-background wp-block-heading\" style=\"background-color:#31683f\"><strong>Accessoires <\/strong><\/h5>\n\n\n\n<ul class=\"wp-block-list\"><li>Valise console<\/li><li>4\u00e9lectrodes coniques de 150 mm<\/li><li>Marteau<\/li><li>Lunettes de s\u00e9curit\u00e9<\/li><li>Sonde de sol et c\u00e2bles <\/li><li>Sonde de temp\u00e9rature<\/li><li>Chargeur de batterie <\/li><li>Gabarit <\/li><\/ul>\n\n\n\n<p><\/p>\n","protected":false},"excerpt":{"rendered":"<p>La JED est un appareil sans radioactivit\u00e9 pour d\u00e9terminer l&rsquo;humidit\u00e9 et la densit\u00e9 des sols compact\u00e9s dans les fondations et constructions des assises de chauss\u00e9es. Avantages de la JED Poids l\u00e9ger et facilement transportable aliment\u00e9 par batteries. Pr\u00e9cision et r\u00e9p\u00e9tabilit\u00e9 des mesures refl\u00e9tant les r\u00e9sultats des m\u00e9thodes d&rsquo;essais connus. M\u00e9thode alternative au gamma densim\u00e8tre, au [&hellip;]<\/p>\n","protected":false},"author":1,"featured_media":482,"parent":76,"menu_order":14,"comment_status":"closed","ping_status":"closed","template":"template-fullwidth.php","meta":{"footnotes":""},"class_list":["post-206","page","type-page","status-publish","has-post-thumbnail","hentry"],"_links":{"self":[{"href":"https:\/\/laser-electronique.com\/wordpress\/wp-json\/wp\/v2\/pages\/206","targetHints":{"allow":["GET"]}}],"collection":[{"href":"https:\/\/laser-electronique.com\/wordpress\/wp-json\/wp\/v2\/pages"}],"about":[{"href":"https:\/\/laser-electronique.com\/wordpress\/wp-json\/wp\/v2\/types\/page"}],"author":[{"embeddable":true,"href":"https:\/\/laser-electronique.com\/wordpress\/wp-json\/wp\/v2\/users\/1"}],"replies":[{"embeddable":true,"href":"https:\/\/laser-electronique.com\/wordpress\/wp-json\/wp\/v2\/comments?post=206"}],"version-history":[{"count":8,"href":"https:\/\/laser-electronique.com\/wordpress\/wp-json\/wp\/v2\/pages\/206\/revisions"}],"predecessor-version":[{"id":663,"href":"https:\/\/laser-electronique.com\/wordpress\/wp-json\/wp\/v2\/pages\/206\/revisions\/663"}],"up":[{"embeddable":true,"href":"https:\/\/laser-electronique.com\/wordpress\/wp-json\/wp\/v2\/pages\/76"}],"wp:featuredmedia":[{"embeddable":true,"href":"https:\/\/laser-electronique.com\/wordpress\/wp-json\/wp\/v2\/media\/482"}],"wp:attachment":[{"href":"https:\/\/laser-electronique.com\/wordpress\/wp-json\/wp\/v2\/media?parent=206"}],"curies":[{"name":"wp","href":"https:\/\/api.w.org\/{rel}","templated":true}]}}